{"id":33,"date":"2018-07-12T20:04:29","date_gmt":"2018-07-12T20:04:29","guid":{"rendered":"http:\/\/balatonkeresztur.plebania.hu\/?page_id=33"},"modified":"2019-06-12T14:49:07","modified_gmt":"2019-06-12T14:49:07","slug":"elerhetoseg","status":"publish","type":"page","link":"https:\/\/balatonkeresztur.plebania.hu\/index.php\/elerhetoseg\/","title":{"rendered":"El\u00e9rhet\u0151s\u00e9g"},"content":{"rendered":"<p><strong>A pl\u00e9b\u00e1nia<\/strong><\/p>\n<p><b>Vezet\u0151je:<br \/>\n<\/b><span style=\"display: inline !important; float: none; background-color: transparent; color: #333333; cursor: text; font-family: 'Helvetica Neue',Helvetica,Arial,'Nimbus Sans L',sans-serif; font-size: 15px; font-style: normal; font-variant: normal; font-weight: 300; letter-spacing: normal; orphans: 2; text-align: left; text-decoration: none; text-indent: 0px; text-transform: none; -webkit-text-stroke-width: 0px; white-space: normal; word-spacing: 0px;\">Kiss Zsolt pl\u00e9b\u00e1nos\u00a0<\/span><\/p>\n<p><strong>C\u00edme:<br \/>\n<\/strong>8648 Balatonkereszt\u00far, Ady Endre u. 4.<\/p>\n<p><strong>Hivatali id\u0151:<br \/>\n<\/strong>Szerda 9<sup>00<\/sup> \u2013 11<sup>00<\/sup><\/p>\n<p><strong>Telefon:<br \/>\n<\/strong>+36-30\/973-7075 (h\u00e9tf\u0151 kiv\u00e9tel\u00e9vel!)<\/p>\n<p><strong>E-mail:<br \/>\n<\/strong><strong><img loading=\"lazy\" decoding=\"async\" class=\"alignnone size-full wp-image-62\" src=\"http:\/\/balatonkeresztur.plebania.hu\/wp-content\/uploads\/2018\/07\/cim.jpg\" alt=\"\" width=\"181\" height=\"33\" \/><\/strong><\/p>\n<p><strong>A\u00a0pl\u00e9b\u00e1nos el\u00e9rhet\u0151:<\/strong> a fenti el\u00e9rhet\u0151s\u00e9gek egyik\u00e9n, vagy\u00a0szem\u00e9lyesen\u00a0 a h\u00e9tk\u00f6znapi szentmis\u00e9k ut\u00e1n.<\/p>\n","protected":false},"excerpt":{"rendered":"<p>A pl\u00e9b\u00e1nia Vezet\u0151je: Kiss Zsolt pl\u00e9b\u00e1nos\u00a0 C\u00edme: 8648 Balatonkereszt\u00far, Ady Endre u. 4. Hivatali id\u0151: Szerda 900 \u2013 1100 Telefon: +36-30\/973-7075 (h\u00e9tf\u0151 kiv\u00e9tel\u00e9vel!) E-mail: A\u00a0pl\u00e9b\u00e1nos el\u00e9rhet\u0151: a fenti el\u00e9rhet\u0151s\u00e9gek egyik\u00e9n, vagy\u00a0szem\u00e9lyesen\u00a0 a h\u00e9tk\u00f6znapi szentmis\u00e9k ut\u00e1n.<\/p>\n","protected":false},"author":1,"featured_media":0,"parent":0,"menu_order":5,"comment_status":"closed","ping_status":"closed","template":"sidebar-page.php","meta":{"footnotes":""},"class_list":["post-33","page","type-page","status-publish","hentry"],"_links":{"self":[{"href":"https:\/\/balatonkeresztur.plebania.hu\/index.php\/wp-json\/wp\/v2\/pages\/33","targetHints":{"allow":["GET"]}}],"collection":[{"href":"https:\/\/balatonkeresztur.plebania.hu\/index.php\/wp-json\/wp\/v2\/pages"}],"about":[{"href":"https:\/\/balatonkeresztur.plebania.hu\/index.php\/wp-json\/wp\/v2\/types\/page"}],"author":[{"embeddable":true,"href":"https:\/\/balatonkeresztur.plebania.hu\/index.php\/wp-json\/wp\/v2\/users\/1"}],"replies":[{"embeddable":true,"href":"https:\/\/balatonkeresztur.plebania.hu\/index.php\/wp-json\/wp\/v2\/comments?post=33"}],"version-history":[{"count":9,"href":"https:\/\/balatonkeresztur.plebania.hu\/index.php\/wp-json\/wp\/v2\/pages\/33\/revisions"}],"predecessor-version":[{"id":266,"href":"https:\/\/balatonkeresztur.plebania.hu\/index.php\/wp-json\/wp\/v2\/pages\/33\/revisions\/266"}],"wp:attachment":[{"href":"https:\/\/balatonkeresztur.plebania.hu\/index.php\/wp-json\/wp\/v2\/media?parent=33"}],"curies":[{"name":"wp","href":"https:\/\/api.w.org\/{rel}","templated":true}]}}