{"id":1899,"date":"2026-01-03T11:36:55","date_gmt":"2026-01-03T11:36:55","guid":{"rendered":"https:\/\/balatonkeresztur.plebania.hu\/?page_id=1899"},"modified":"2026-01-09T14:37:18","modified_gmt":"2026-01-09T14:37:18","slug":"biblia-egy-ev-alatt","status":"publish","type":"page","link":"https:\/\/balatonkeresztur.plebania.hu\/index.php\/biblia-egy-ev-alatt\/","title":{"rendered":"Biblia egy \u00e9v alatt"},"content":{"rendered":"\n<figure class=\"wp-block-image size-full is-resized\"><a href=\"https:\/\/zarandok.ma\/category\/podcast\/biblia-egy-ev-alatt-podcast-fabry-kornel-puspok-atyaval\/\" target=\"_blank\" rel=\" noreferrer noopener\"><img loading=\"lazy\" decoding=\"async\" width=\"1506\" height=\"743\" src=\"https:\/\/balatonkeresztur.plebania.hu\/wp-content\/uploads\/2026\/01\/bibliaegyev.jpg\" alt=\"\" class=\"wp-image-1921\" style=\"aspect-ratio:1.9805387067109272;width:599px;height:auto\" srcset=\"https:\/\/balatonkeresztur.plebania.hu\/wp-content\/uploads\/2026\/01\/bibliaegyev.jpg 1506w, https:\/\/balatonkeresztur.plebania.hu\/wp-content\/uploads\/2026\/01\/bibliaegyev-768x379.jpg 768w, https:\/\/balatonkeresztur.plebania.hu\/wp-content\/uploads\/2026\/01\/bibliaegyev-500x247.jpg 500w\" sizes=\"auto, (max-width: 1506px) 100vw, 1506px\" \/><\/a><\/figure>\n\n\n\n<h6 class=\"wp-block-heading\"><strong>Ha eddig neh\u00e9zs\u00e9get okozott a Biblia olvas\u00e1sa,<\/strong><br><strong>ez a podcast Neked sz\u00f3l.<\/strong><\/h6>\n\n\n\n<p>A Zar\u00e1ndok.ma <em>Biblia egy \u00e9v alatt<\/em> podcastja \u2013 amelyet F\u00e1bry Korn\u00e9l atya vezet \u2013 365 napon kereszt\u00fcl, napi epiz\u00f3dokban vezeti v\u00e9gig a hallgat\u00f3kat a Szent\u00edr\u00e1son.<br><br><strong>Minden 20\u201325 perces epiz\u00f3d tartalmaz:<\/strong><br>\u2013 Kett\u0151-h\u00e1rom szent\u00edr\u00e1si olvasm\u00e1nyt<br>\u2013 Elm\u00e9lked\u00e9st F\u00e1bry Korn\u00e9l p\u00fcsp\u00f6k aty\u00e1t\u00f3l<br>\u2013 Egy vezetett im\u00e1t, amely seg\u00edt meghallani Isten hangj\u00e1t az \u0150 Ig\u00e9j\u00e9n kereszt\u00fcl<br><br>Az <em>Biblia egy \u00e9v alatt<\/em> podcast \u2013 m\u00e1s Biblia-podcastokt\u00f3l elt\u00e9r\u0151en \u2013 a <strong>Great Adventure Bible Timeline\u00ae<\/strong> tanul\u00e1si rendszerb\u0151l inspir\u00e1l\u00f3d\u00f3 olvas\u00e1si tervet k\u00f6veti. Ezt a korszakalkot\u00f3, az \u00dcdv\u00f6ss\u00e9gt\u00f6rt\u00e9net meg\u00e9rt\u00e9s\u00e9t seg\u00edt\u0151 m\u00f3dszert a neves katolikus Biblia-tan\u00edt\u00f3, Jeff Cavins dolgozta ki.<br><br><strong>Hallgasd, \u00e9s \u00e9ld a mindennapjaidat Isten Ig\u00e9j\u00e9nek f\u00e9ny\u00e9ben!<\/strong><\/p>\n\n\n\n<p><a href=\"https:\/\/zarandok.ma\/category\/podcast\/biblia-egy-ev-alatt-podcast-fabry-kornel-puspok-atyaval\/\" target=\"_blank\" rel=\"noreferrer noopener\">A k\u00e9pre vagy ide kattintva hallgathat\u00f3 a podcast<\/a><\/p>\n","protected":false},"excerpt":{"rendered":"<p>Ha eddig neh\u00e9zs\u00e9get okozott a Biblia olvas\u00e1sa,ez a podcast Neked sz\u00f3l. A Zar\u00e1ndok.ma Biblia egy \u00e9v alatt podcastja \u2013 amelyet F\u00e1bry Korn\u00e9l atya vezet \u2013 365 napon kereszt\u00fcl, napi epiz\u00f3dokban vezeti v\u00e9gig a hallgat\u00f3kat a Szent\u00edr\u00e1son. Minden 20\u201325 perces epiz\u00f3d &hellip; <a href=\"https:\/\/balatonkeresztur.plebania.hu\/index.php\/biblia-egy-ev-alatt\/\">Egy kattint\u00e1s ide a folytat\u00e1shoz&#8230;. <span class=\"meta-nav\">&rarr;<\/span><\/a><\/p>\n","protected":false},"author":1,"featured_media":0,"parent":0,"menu_order":6,"comment_status":"closed","ping_status":"closed","template":"","meta":{"footnotes":""},"class_list":["post-1899","page","type-page","status-publish","hentry"],"_links":{"self":[{"href":"https:\/\/balatonkeresztur.plebania.hu\/index.php\/wp-json\/wp\/v2\/pages\/1899","targetHints":{"allow":["GET"]}}],"collection":[{"href":"https:\/\/balatonkeresztur.plebania.hu\/index.php\/wp-json\/wp\/v2\/pages"}],"about":[{"href":"https:\/\/balatonkeresztur.plebania.hu\/index.php\/wp-json\/wp\/v2\/types\/page"}],"author":[{"embeddable":true,"href":"https:\/\/balatonkeresztur.plebania.hu\/index.php\/wp-json\/wp\/v2\/users\/1"}],"replies":[{"embeddable":true,"href":"https:\/\/balatonkeresztur.plebania.hu\/index.php\/wp-json\/wp\/v2\/comments?post=1899"}],"version-history":[{"count":8,"href":"https:\/\/balatonkeresztur.plebania.hu\/index.php\/wp-json\/wp\/v2\/pages\/1899\/revisions"}],"predecessor-version":[{"id":1922,"href":"https:\/\/balatonkeresztur.plebania.hu\/index.php\/wp-json\/wp\/v2\/pages\/1899\/revisions\/1922"}],"wp:attachment":[{"href":"https:\/\/balatonkeresztur.plebania.hu\/index.php\/wp-json\/wp\/v2\/media?parent=1899"}],"curies":[{"name":"wp","href":"https:\/\/api.w.org\/{rel}","templated":true}]}}